{"id":2604,"date":"2023-10-26T17:36:35","date_gmt":"2023-10-26T20:36:35","guid":{"rendered":"https:\/\/sistemasinovadores.com.br\/?page_id=2604"},"modified":"2024-05-06T11:19:00","modified_gmt":"2024-05-06T14:19:00","slug":"sobre-nos","status":"publish","type":"page","link":"https:\/\/sistemasinovadores.com.br\/en\/sobre-nos\/","title":{"rendered":"Sobre N\u00f3s"},"content":{"rendered":"<div data-elementor-type=\"wp-page\" data-elementor-id=\"2604\" class=\"elementor elementor-2604\">\n\t\t\t\t\t\t<section class=\"elementor-section elementor-top-section elementor-element elementor-element-6f108f elementor-section-boxed elementor-section-height-default elementor-section-height-default\" data-id=\"6f108f\" data-element_type=\"section\" data-e-type=\"section\">\n\t\t\t\t\t\t<div class=\"elementor-container elementor-column-gap-default\">\n\t\t\t\t\t<div class=\"elementor-column elementor-col-100 elementor-top-column elementor-element elementor-element-52039551\" data-id=\"52039551\" data-element_type=\"column\" data-e-type=\"column\">\n\t\t\t<div class=\"elementor-widget-wrap elementor-element-populated\">\n\t\t\t\t\t\t<div class=\"elementor-element elementor-element-05709cf elementor-widget elementor-widget-image\" data-id=\"05709cf\" data-element_type=\"widget\" data-e-type=\"widget\" data-widget_type=\"image.default\">\n\t\t\t\t<div class=\"elementor-widget-container\">\n\t\t\t\t\t\t\t\t\t\t\t\t\t\t\t<img decoding=\"async\" src=\"https:\/\/sistemasinovadores.com.br\/wp-content\/uploads\/2023\/10\/eu1-removebg-preview.png\" title=\"\" alt=\"\" loading=\"lazy\" \/>\t\t\t\t\t\t\t\t\t\t\t\t\t\t\t<\/div>\n\t\t\t\t<\/div>\n\t\t\t\t<div class=\"elementor-element elementor-element-2a7d1ec elementor-widget elementor-widget-text-editor\" data-id=\"2a7d1ec\" data-element_type=\"widget\" data-e-type=\"widget\" data-widget_type=\"text-editor.default\">\n\t\t\t\t<div class=\"elementor-widget-container\">\n\t\t\t\t\t\t\t\t\t<p><\/p>\n<p><\/p>\n<p><\/p>\n<hr>\n<p><\/p>\n<p><\/p>\n<div id=\"ez-toc-container\" class=\"ez-toc-v2_0_82_2 counter-hierarchy ez-toc-counter ez-toc-grey ez-toc-container-direction\">\n<div class=\"ez-toc-title-container\">\n<p class=\"ez-toc-title\" style=\"cursor:inherit\">\u00cdndice<\/p>\n<span class=\"ez-toc-title-toggle\"><a href=\"#\" class=\"ez-toc-pull-right ez-toc-btn ez-toc-btn-xs ez-toc-btn-default ez-toc-toggle\" aria-label=\"Toggle Table of Content\"><span class=\"ez-toc-js-icon-con\"><span class=\"\"><span class=\"eztoc-hide\" style=\"display:none;\">Toggle<\/span><span class=\"ez-toc-icon-toggle-span\"><svg style=\"fill: #999;color:#999\" xmlns=\"http:\/\/www.w3.org\/2000\/svg\" class=\"list-377408\" width=\"20px\" height=\"20px\" viewbox=\"0 0 24 24\" fill=\"none\"><path d=\"M6 6H4v2h2V6zm14 0H8v2h12V6zM4 11h2v2H4v-2zm16 0H8v2h12v-2zM4 16h2v2H4v-2zm16 0H8v2h12v-2z\" fill=\"currentColor\"><\/path><\/svg><svg style=\"fill: #999;color:#999\" class=\"arrow-unsorted-368013\" xmlns=\"http:\/\/www.w3.org\/2000\/svg\" width=\"10px\" height=\"10px\" viewbox=\"0 0 24 24\" version=\"1.2\" baseprofile=\"tiny\"><path d=\"M18.2 9.3l-6.2-6.3-6.2 6.3c-.2.2-.3.4-.3.7s.1.5.3.7c.2.2.4.3.7.3h11c.3 0 .5-.1.7-.3.2-.2.3-.5.3-.7s-.1-.5-.3-.7zM5.8 14.7l6.2 6.3 6.2-6.3c.2-.2.3-.5.3-.7s-.1-.5-.3-.7c-.2-.2-.4-.3-.7-.3h-11c-.3 0-.5.1-.7.3-.2.2-.3.5-.3.7s.1.5.3.7z\"\/><\/svg><\/span><\/span><\/span><\/a><\/span><\/div>\n<nav><ul class='ez-toc-list ez-toc-list-level-1' ><li class='ez-toc-page-1 ez-toc-heading-level-1'><a class=\"ez-toc-link ez-toc-heading-1\" href=\"https:\/\/sistemasinovadores.com.br\/en\/sobre-nos\/#Sobre_Nos\" >Sobre N\u00f3s<\/a><ul class='ez-toc-list-level-2' ><li class='ez-toc-heading-level-2'><a class=\"ez-toc-link ez-toc-heading-2\" href=\"https:\/\/sistemasinovadores.com.br\/en\/sobre-nos\/#O_Que_Fazemos\" >O Que Fazemos<\/a><\/li><li class='ez-toc-page-1 ez-toc-heading-level-2'><a class=\"ez-toc-link ez-toc-heading-3\" href=\"https:\/\/sistemasinovadores.com.br\/en\/sobre-nos\/#Por_que_Sistemas_Inovadores\" >Por que Sistemas Inovadores?<\/a><\/li><\/ul><\/li><\/ul><\/nav><\/div>\n<h1 class=\"wp-block-heading\"><span class=\"ez-toc-section\" id=\"Sobre_Nos\"><\/span>Sobre N\u00f3s<span class=\"ez-toc-section-end\"><\/span><\/h1>\n<p><\/p>\n<p><\/p>\n<p>Bem-vindo ao Sistemas Inovadores!<\/p>\n<p><\/p>\n<p><\/p>\n<p><strong>Miss\u00e3o<\/strong>: Transformar o Mundo atrav\u00e9s da Intelig\u00eancia Artificial<\/p>\n<p><\/p>\n<p><\/p>\n<p>No Sistemas Inovadores, estamos empenhados em capacitar pessoas como voc\u00ea a explorar e compreender o emocionante mundo da Intelig\u00eancia Artificial (IA). A nossa miss\u00e3o \u00e9 tornar a IA acess\u00edvel a todos e fornecer conhecimentos e recursos valiosos que o ajudar\u00e3o a navegar nesse campo inovador.<\/p>\n<p><span style=\"color: rgb(68, 68, 68); font-family: &quot;Open Sans&quot;, -apple-system, BlinkMacSystemFont, &quot;Segoe UI&quot;, Roboto, Oxygen-Sans, Ubuntu, Cantarell, &quot;Helvetica Neue&quot;, sans-serif; font-size: 30px; font-weight: 300; letter-spacing: 0px;\">Quem Somos<\/span><br><\/p>\n<p><\/p>\n<p><\/p>\n<p>Somos uma equipe de entusiastas da Intelig\u00eancia Artificial, comprometidos em compartilhar nosso conhecimento e experi\u00eancia com a comunidade. Sob a lideran\u00e7a de Alberto M. Soares, um profissional apaixonado pelo campo da Intelig\u00eancia Artificial, que cultivou seu compromisso com a educa\u00e7\u00e3o e a miss\u00e3o de promover o desenvolvimento profissional. Alberto tem vasta experi\u00eancia, tendo atuado como educador em diversas institui\u00e7\u00f5es e tamb\u00e9m como programador, alcan\u00e7ando o cargo de supervisor de desenvolvimento de sistemas. Sua miss\u00e3o \u00e9 capacitar indiv\u00edduos a se adaptarem e maximizarem o potencial da Intelig\u00eancia Artificial.<\/p>\n<p><\/p>\n<p><\/p>\n<h2 class=\"wp-block-heading\"><span class=\"ez-toc-section\" id=\"O_Que_Fazemos\"><\/span>O Que Fazemos<span class=\"ez-toc-section-end\"><\/span><\/h2>\n<p><\/p>\n<p><\/p>\n<p>No Sistemas Inovadores, fornecemos:<\/p>\n<p><\/p>\n<p><\/p>\n<ul class=\"wp-block-list\"><p><\/p>\n<li><strong>Artigos Educacionais<\/strong>: Publicamos regularmente artigos informativos e tutoriais sobre IA, cobrindo uma ampla variedade de t\u00f3picos, desde os conceitos b\u00e1sicos at\u00e9 as tend\u00eancias mais avan\u00e7adas.<\/li>\n<p><\/p>\n<p><\/p>\n<li><strong>Recursos Gratuitos<\/strong>: Disponibilizamos recursos gratuitos, como guias, e-books e planilhas, para ajud\u00e1-lo a aprender e aplicar a IA em seus projetos.<\/li>\n<p><\/p>\n<p><\/p>\n<li><strong>Dicas e Truques<\/strong>: Compartilhamos dicas pr\u00e1ticas e truques para aprimorar suas habilidades em IA e resolver problemas do mundo real.<\/li>\n<p><\/p>\n<p><\/p>\n<li><strong>Comunidade Ativa<\/strong>: Mantemos uma comunidade envolvente onde voc\u00ea pode fazer perguntas, compartilhar suas experi\u00eancias e colaborar com outros entusiastas da IA.<\/li>\n<p><\/p>\n<\/ul>\n<p><\/p>\n<p><\/p>\n<h2 class=\"wp-block-heading\"><span class=\"ez-toc-section\" id=\"Por_que_Sistemas_Inovadores\"><\/span>Por que Sistemas Inovadores?<span class=\"ez-toc-section-end\"><\/span><\/h2>\n<p><\/p>\n<p><\/p>\n<p>A IA est\u00e1 mudando rapidamente a forma como vivemos, trabalhamos e interagimos com o mundo ao nosso redor. Queremos ajud\u00e1-lo a aproveitar ao m\u00e1ximo essa revolu\u00e7\u00e3o tecnol\u00f3gica, capacitando-o com o conhecimento e as ferramentas necess\u00e1rias para prosperar no mundo da Intelig\u00eancia Artificial.<\/p>\n<p><\/p>\n<p><\/p>\n<p>Junte-se a n\u00f3s nesta jornada emocionante e comece a explorar o vasto universo da IA conosco!<\/p>\n<p><\/p>\n<p><\/p>\n<p>Seja bem-vindo ao Sistemas Inovadores &#8211; onde a inova\u00e7\u00e3o encontra a intelig\u00eancia artificial!<\/p>\n<p><\/p>\n<p><\/p>\n<p><strong>Contate-nos<\/strong>: contato@sistemasinovadores.com.br<\/p>\n<p><\/p>\n<p><\/p>\n<p><br><\/p>\n<p><\/p>\t\t\t\t\t\t\t\t<\/div>\n\t\t\t\t<\/div>\n\t\t\t\t<div class=\"elementor-element elementor-element-97e4611 elementor-widget elementor-widget-html\" data-id=\"97e4611\" data-element_type=\"widget\" data-e-type=\"widget\" data-widget_type=\"html.default\">\n\t\t\t\t<div class=\"elementor-widget-container\">\n\t\t\t\t\t<div class=\"badge-base LI-profile-badge\" data-locale=\"pt_BR\" data-size=\"medium\" data-theme=\"light\" data-type=\"VERTICAL\" data-vanity=\"alberto-m-1b1784137\" data-version=\"v1\"><a class=\"badge-base__link LI-simple-link\" href=\"https:\/\/br.linkedin.com\/in\/alberto-m-1b1784137?trk=profile-badge\" target=\"_blank\" rel=\"noopener\"><\/a><\/div>\r\n              \t\t\t\t<\/div>\n\t\t\t\t<\/div>\n\t\t\t\t\t<\/div>\n\t\t<\/div>\n\t\t\t\t\t<\/div>\n\t\t<\/section>\n\t\t\t\t<section class=\"elementor-section elementor-top-section elementor-element elementor-element-1f2cb9b elementor-section-boxed elementor-section-height-default elementor-section-height-default\" data-id=\"1f2cb9b\" data-element_type=\"section\" data-e-type=\"section\">\n\t\t\t\t\t\t<div class=\"elementor-container elementor-column-gap-default\">\n\t\t\t\t\t<div class=\"elementor-column elementor-col-50 elementor-top-column elementor-element elementor-element-c630dd7\" data-id=\"c630dd7\" data-element_type=\"column\" data-e-type=\"column\">\n\t\t\t<div class=\"elementor-widget-wrap elementor-element-populated\">\n\t\t\t\t\t\t<div class=\"elementor-element elementor-element-fa02043 elementor-widget elementor-widget-wpforms\" data-id=\"fa02043\" data-element_type=\"widget\" data-e-type=\"widget\" data-widget_type=\"wpforms.default\">\n\t\t\t\t<div class=\"elementor-widget-container\">\n\t\t\t\t\t<div class=\"wpforms-container\" id=\"wpforms-2532\"><form id=\"wpforms-form-2532\" class=\"wpforms-validate wpforms-form wpforms-ajax-form\" data-formid=\"2532\" method=\"post\" enctype=\"multipart\/form-data\" action=\"\/en\/wp-json\/wp\/v2\/pages\/2604\" data-token=\"6bb108fd2e1a348c96feb16521937729\" data-trp-original-action=\"\/en\/wp-json\/wp\/v2\/pages\/2604\"><noscript class=\"wpforms-error-noscript\">Please enable JavaScript in your browser to complete this form.<\/noscript><div class=\"wpforms-field-container\"><div id=\"wpforms-2532-field_0-container\" class=\"wpforms-field wpforms-field-name text font-weight bold\" data-field-id=\"0\"><label class=\"wpforms-field-label\" for=\"wpforms-2532-field_0\">Nome\u00a0\u00a0\u00a0\u00a0\u00a0\u00a0\u00a0\u00a0\u00a0\u00a0\u00a0\u00a0\u00a0\u00a0\u00a0\u00a0\u00a0\u00a0\u00a0\u00a0\u00a0\u00a0\u00a0\u00a0 <span class=\"wpforms-required-label\">*<\/span><\/label><input type=\"text\" id=\"wpforms-2532-field_0\" class=\"wpforms-field-large wpforms-field-required\" name=\"wpforms[fields][0]\" required><\/div><div id=\"wpforms-2532-field_1-container\" class=\"wpforms-field wpforms-field-email\" data-field-id=\"1\"><label class=\"wpforms-field-label\" for=\"wpforms-2532-field_1\">E-mail <span class=\"wpforms-required-label\">*<\/span><\/label><input type=\"email\" id=\"wpforms-2532-field_1\" class=\"wpforms-field-large wpforms-field-required\" name=\"wpforms[fields][1]\" spellcheck=\"false\" required><\/div><div id=\"wpforms-2532-field_9-container\" class=\"wpforms-field wpforms-field-checkbox\" data-field-id=\"9\"><label class=\"wpforms-field-label wpforms-label-hide\" for=\"wpforms-2532-field_9\">Aceite <span class=\"wpforms-required-label\">*<\/span><\/label><ul id=\"wpforms-2532-field_9\" class=\"wpforms-field-required\"><li class=\"choice-1 depth-1\"><input type=\"checkbox\" id=\"wpforms-2532-field_9_1\" name=\"wpforms[fields][9][]\" value=\"Concordo em receber a newsletter\" required><label class=\"wpforms-field-label-inline\" for=\"wpforms-2532-field_9_1\">Concordo em receber a newsletter<\/label><\/li><\/ul><\/div><\/div><!-- .wpforms-field-container --><div class=\"wpforms-submit-container\" ><input type=\"hidden\" name=\"wpforms[id]\" value=\"2532\"><input type=\"hidden\" name=\"wpforms[author]\" value=\"1\"><button type=\"submit\" name=\"wpforms[submit]\" id=\"wpforms-submit-2532\" class=\"wpforms-submit\" data-alt-text=\"Enviando\u2026\" data-submit-text=\"Siga-nos\" aria-live=\"assertive\" value=\"wpforms-submit\">Siga-nos<\/button><img decoding=\"async\" src=\"https:\/\/sistemasinovadores.com.br\/wp-content\/plugins\/wpforms\/assets\/images\/submit-spin.svg\" class=\"wpforms-submit-spinner\" style=\"display: none;\" width=\"26\" height=\"26\" alt=\"Loading\"><\/div><input type=\"hidden\" name=\"trp-form-language\" value=\"en\"\/><\/form><\/div>  <!-- .wpforms-container -->\t\t\t\t<\/div>\n\t\t\t\t<\/div>\n\t\t\t\t\t<\/div>\n\t\t<\/div>\n\t\t\t\t<div class=\"elementor-column elementor-col-50 elementor-top-column elementor-element elementor-element-ec604a2\" data-id=\"ec604a2\" data-element_type=\"column\" data-e-type=\"column\">\n\t\t\t<div class=\"elementor-widget-wrap\">\n\t\t\t\t\t\t\t<\/div>\n\t\t<\/div>\n\t\t\t\t\t<\/div>\n\t\t<\/section>\n\t\t\t\t<\/div>","protected":false},"excerpt":{"rendered":"<p>Sobre N\u00f3s Bem-vindo ao Sistemas Inovadores! Miss\u00e3o: Transformar o Mundo atrav\u00e9s da Intelig\u00eancia Artificial No Sistemas Inovadores, estamos empenhados em capacitar pessoas como voc\u00ea a explorar e compreender o emocionante mundo da Intelig\u00eancia Artificial (IA). A nossa miss\u00e3o \u00e9 tornar a IA acess\u00edvel a todos e fornecer conhecimentos e recursos valiosos que o ajudar\u00e3o a &hellip;<\/p>","protected":false},"author":1,"featured_media":0,"parent":0,"menu_order":0,"comment_status":"closed","ping_status":"closed","template":"elementor_theme","meta":{"footnotes":""},"class_list":["post-2604","page","type-page","status-publish","hentry"],"_links":{"self":[{"href":"https:\/\/sistemasinovadores.com.br\/en\/wp-json\/wp\/v2\/pages\/2604","targetHints":{"allow":["GET"]}}],"collection":[{"href":"https:\/\/sistemasinovadores.com.br\/en\/wp-json\/wp\/v2\/pages"}],"about":[{"href":"https:\/\/sistemasinovadores.com.br\/en\/wp-json\/wp\/v2\/types\/page"}],"author":[{"embeddable":true,"href":"https:\/\/sistemasinovadores.com.br\/en\/wp-json\/wp\/v2\/users\/1"}],"replies":[{"embeddable":true,"href":"https:\/\/sistemasinovadores.com.br\/en\/wp-json\/wp\/v2\/comments?post=2604"}],"version-history":[{"count":29,"href":"https:\/\/sistemasinovadores.com.br\/en\/wp-json\/wp\/v2\/pages\/2604\/revisions"}],"predecessor-version":[{"id":4324,"href":"https:\/\/sistemasinovadores.com.br\/en\/wp-json\/wp\/v2\/pages\/2604\/revisions\/4324"}],"wp:attachment":[{"href":"https:\/\/sistemasinovadores.com.br\/en\/wp-json\/wp\/v2\/media?parent=2604"}],"curies":[{"name":"wp","href":"https:\/\/api.w.org\/{rel}","templated":true}]}}